{"id":28247,"date":"2024-06-19T16:05:07","date_gmt":"2024-06-19T16:05:07","guid":{"rendered":"https:\/\/sacolis.net\/?post_type=product&#038;p=28247"},"modified":"2024-10-04T09:02:51","modified_gmt":"2024-10-04T08:02:51","slug":"saco-papel-sabor-do-forno","status":"publish","type":"product","link":"https:\/\/sacolis.net\/en\/saco\/saco-papel-sabor-do-forno\/","title":{"rendered":"Oven Flavor Bag"},"content":{"rendered":"<p>The &#039;Flavor of the Oven&#039; paper bag is perfect for packaging warm bread from your bakery or pastry shop.<\/p>\n<p>Made from strong, eco-friendly white kraft paper, with dimensions of <strong>35cm(width) x 34cm(length) x 12cm(bottom width)<\/strong>, this custom designed bag is a great alternative for transporting bread.<\/p>\n<p>With a glued bottom, this bag is convenient for storing and transporting all your customers&#039; products.<\/p>\n<p>Keep your products fresh and inviting with the &#039;Flavor of the Oven&#039; paper bag.<\/p>\n<p><strong>note:<\/strong> Our paper bags meet all current standards and certifications required for the sector for which they are intended.<\/p>","protected":false},"excerpt":{"rendered":"<p>The &#039;Flavor of the Oven&#039; paper bag is perfect for packaging warm bread from your bakery or pastry shop.<\/p>","protected":false},"featured_media":30389,"comment_status":"open","ping_status":"closed","template":"","meta":[],"product_cat":[20,42],"product_tag":[],"class_list":{"0":"post-28247","1":"product","2":"type-product","3":"status-publish","4":"has-post-thumbnail","6":"product_cat-coladoeaberto","7":"product_cat-pao","9":"first","10":"outofstock","11":"taxable","12":"shipping-taxable","13":"product-type-simple"},"yoast_head":"<!-- This site is optimized with the Yoast SEO plugin v23.5 - https:\/\/yoast.com\/wordpress\/plugins\/seo\/ -->\n<title>Sacolis | Saco Sabor do Forno<\/title>\n<meta name=\"description\" content=\"O saco de papel &#039;Sabor do Forno&#039; \u00e9 perfeito para embalar p\u00e3es quentinhos da sua padaria ou pastelaria.\" \/>\n<meta name=\"robots\" content=\"index, follow, max-snippet:-1, max-image-preview:large, max-video-preview:-1\" \/>\n<link rel=\"canonical\" href=\"https:\/\/sacolis.net\/en\/saco\/saco-papel-sabor-do-forno\/\" \/>\n<meta property=\"og:locale\" content=\"en_US\" \/>\n<meta property=\"og:type\" content=\"article\" \/>\n<meta property=\"og:title\" content=\"Sacolis | Saco Sabor do Forno\" \/>\n<meta property=\"og:description\" content=\"O saco de papel &#039;Sabor do Forno&#039; \u00e9 perfeito para embalar p\u00e3es quentinhos da sua padaria ou pastelaria.\" \/>\n<meta property=\"og:url\" content=\"https:\/\/sacolis.net\/en\/saco\/saco-papel-sabor-do-forno\/\" \/>\n<meta property=\"og:site_name\" content=\"Sacolis - Fabrica\u00e7\u00e3o e Comercializa\u00e7\u00e3o de Sacos de Papel\" \/>\n<meta property=\"article:publisher\" content=\"https:\/\/www.facebook.com\/p\/Sacolis-Lda-100063464740342\/?locale=pt_PT&amp;_rdr\" \/>\n<meta property=\"article:modified_time\" content=\"2024-10-04T08:02:51+00:00\" \/>\n<meta property=\"og:image\" content=\"https:\/\/sacolis.net\/wp-content\/uploads\/2024\/06\/saco-papel-sabor-do-forno-sacolis.png\" \/>\n\t<meta property=\"og:image:width\" content=\"433\" \/>\n\t<meta property=\"og:image:height\" content=\"576\" \/>\n\t<meta property=\"og:image:type\" content=\"image\/png\" \/>\n<meta name=\"twitter:card\" content=\"summary_large_image\" \/>\n<meta name=\"twitter:label1\" content=\"Est. reading time\" \/>\n\t<meta name=\"twitter:data1\" content=\"1 minute\" \/>\n<script type=\"application\/ld+json\" class=\"yoast-schema-graph\">{\"@context\":\"https:\/\/schema.org\",\"@graph\":[{\"@type\":[\"WebPage\",\"ItemPage\"],\"@id\":\"https:\/\/sacolis.net\/saco\/saco-papel-sabor-do-forno\/\",\"url\":\"https:\/\/sacolis.net\/saco\/saco-papel-sabor-do-forno\/\",\"name\":\"Sacolis | Saco Sabor do Forno\",\"isPartOf\":{\"@id\":\"https:\/\/sacolis.net\/#website\"},\"primaryImageOfPage\":{\"@id\":\"https:\/\/sacolis.net\/saco\/saco-papel-sabor-do-forno\/#primaryimage\"},\"image\":{\"@id\":\"https:\/\/sacolis.net\/saco\/saco-papel-sabor-do-forno\/#primaryimage\"},\"thumbnailUrl\":\"https:\/\/sacolis.net\/wp-content\/uploads\/2024\/06\/saco-papel-sabor-do-forno-sacolis.png\",\"datePublished\":\"2024-06-19T16:05:07+00:00\",\"dateModified\":\"2024-10-04T08:02:51+00:00\",\"description\":\"O saco de papel 'Sabor do Forno' \u00e9 perfeito para embalar p\u00e3es quentinhos da sua padaria ou pastelaria.\",\"breadcrumb\":{\"@id\":\"https:\/\/sacolis.net\/saco\/saco-papel-sabor-do-forno\/#breadcrumb\"},\"inLanguage\":\"en-US\",\"potentialAction\":[{\"@type\":\"ReadAction\",\"target\":[\"https:\/\/sacolis.net\/saco\/saco-papel-sabor-do-forno\/\"]}]},{\"@type\":\"ImageObject\",\"inLanguage\":\"en-US\",\"@id\":\"https:\/\/sacolis.net\/saco\/saco-papel-sabor-do-forno\/#primaryimage\",\"url\":\"https:\/\/sacolis.net\/wp-content\/uploads\/2024\/06\/saco-papel-sabor-do-forno-sacolis.png\",\"contentUrl\":\"https:\/\/sacolis.net\/wp-content\/uploads\/2024\/06\/saco-papel-sabor-do-forno-sacolis.png\",\"width\":433,\"height\":576,\"caption\":\"Saco de papel Sacolis para padarias, pastelarias e estabelecimentos de venda de p\u00e3o.\"},{\"@type\":\"BreadcrumbList\",\"@id\":\"https:\/\/sacolis.net\/saco\/saco-papel-sabor-do-forno\/#breadcrumb\",\"itemListElement\":[{\"@type\":\"ListItem\",\"position\":1,\"name\":\"In\u00edcio\",\"item\":\"https:\/\/sacolis.net\/\"},{\"@type\":\"ListItem\",\"position\":2,\"name\":\"Loja\",\"item\":\"https:\/\/sacolis.net\/loja\/\"},{\"@type\":\"ListItem\",\"position\":3,\"name\":\"Saco Sabor do Forno\"}]},{\"@type\":\"WebSite\",\"@id\":\"https:\/\/sacolis.net\/#website\",\"url\":\"https:\/\/sacolis.net\/\",\"name\":\"Sacolis\",\"description\":\"Especialista Na Fabrica\u00e7\u00e3o E Personaliza\u00e7\u00e3o De Sacos De Papel\",\"publisher\":{\"@id\":\"https:\/\/sacolis.net\/#organization\"},\"alternateName\":\"Sacolis - Fabrica\u00e7\u00e3o e Comercializa\u00e7\u00e3o de Sacos de Papel\",\"potentialAction\":[{\"@type\":\"SearchAction\",\"target\":{\"@type\":\"EntryPoint\",\"urlTemplate\":\"https:\/\/sacolis.net\/?s={search_term_string}\"},\"query-input\":{\"@type\":\"PropertyValueSpecification\",\"valueRequired\":true,\"valueName\":\"search_term_string\"}}],\"inLanguage\":\"en-US\"},{\"@type\":\"Organization\",\"@id\":\"https:\/\/sacolis.net\/#organization\",\"name\":\"Sacolis\",\"alternateName\":\"Sacolis - Fabrica\u00e7\u00e3o e Comercializa\u00e7\u00e3o de Sacos de Papel\",\"url\":\"https:\/\/sacolis.net\/\",\"logo\":{\"@type\":\"ImageObject\",\"inLanguage\":\"en-US\",\"@id\":\"https:\/\/sacolis.net\/#\/schema\/logo\/image\/\",\"url\":\"https:\/\/sacolis.net\/wp-content\/uploads\/2024\/08\/iconsacolis.png\",\"contentUrl\":\"https:\/\/sacolis.net\/wp-content\/uploads\/2024\/08\/iconsacolis.png\",\"width\":123,\"height\":82,\"caption\":\"Sacolis\"},\"image\":{\"@id\":\"https:\/\/sacolis.net\/#\/schema\/logo\/image\/\"},\"sameAs\":[\"https:\/\/www.facebook.com\/p\/Sacolis-Lda-100063464740342\/?locale=pt_PT&_rdr\",\"https:\/\/www.instagram.com\/sacolisacosdepapel\/\"]}]}<\/script>\n<!-- \/ Yoast SEO plugin. -->","yoast_head_json":{"title":"Sacolis | Saco Sabor do Forno","description":"O saco de papel 'Sabor do Forno' \u00e9 perfeito para embalar p\u00e3es quentinhos da sua padaria ou pastelaria.","robots":{"index":"index","follow":"follow","max-snippet":"max-snippet:-1","max-image-preview":"max-image-preview:large","max-video-preview":"max-video-preview:-1"},"canonical":"https:\/\/sacolis.net\/en\/saco\/saco-papel-sabor-do-forno\/","og_locale":"en_US","og_type":"article","og_title":"Sacolis | Saco Sabor do Forno","og_description":"O saco de papel 'Sabor do Forno' \u00e9 perfeito para embalar p\u00e3es quentinhos da sua padaria ou pastelaria.","og_url":"https:\/\/sacolis.net\/en\/saco\/saco-papel-sabor-do-forno\/","og_site_name":"Sacolis - Fabrica\u00e7\u00e3o e Comercializa\u00e7\u00e3o de Sacos de Papel","article_publisher":"https:\/\/www.facebook.com\/p\/Sacolis-Lda-100063464740342\/?locale=pt_PT&_rdr","article_modified_time":"2024-10-04T08:02:51+00:00","og_image":[{"width":433,"height":576,"url":"https:\/\/sacolis.net\/wp-content\/uploads\/2024\/06\/saco-papel-sabor-do-forno-sacolis.png","type":"image\/png"}],"twitter_card":"summary_large_image","twitter_misc":{"Est. reading time":"1 minute"},"schema":{"@context":"https:\/\/schema.org","@graph":[{"@type":["WebPage","ItemPage"],"@id":"https:\/\/sacolis.net\/saco\/saco-papel-sabor-do-forno\/","url":"https:\/\/sacolis.net\/saco\/saco-papel-sabor-do-forno\/","name":"Sacolis | Saco Sabor do Forno","isPartOf":{"@id":"https:\/\/sacolis.net\/#website"},"primaryImageOfPage":{"@id":"https:\/\/sacolis.net\/saco\/saco-papel-sabor-do-forno\/#primaryimage"},"image":{"@id":"https:\/\/sacolis.net\/saco\/saco-papel-sabor-do-forno\/#primaryimage"},"thumbnailUrl":"https:\/\/sacolis.net\/wp-content\/uploads\/2024\/06\/saco-papel-sabor-do-forno-sacolis.png","datePublished":"2024-06-19T16:05:07+00:00","dateModified":"2024-10-04T08:02:51+00:00","description":"O saco de papel 'Sabor do Forno' \u00e9 perfeito para embalar p\u00e3es quentinhos da sua padaria ou pastelaria.","breadcrumb":{"@id":"https:\/\/sacolis.net\/saco\/saco-papel-sabor-do-forno\/#breadcrumb"},"inLanguage":"en-US","potentialAction":[{"@type":"ReadAction","target":["https:\/\/sacolis.net\/saco\/saco-papel-sabor-do-forno\/"]}]},{"@type":"ImageObject","inLanguage":"en-US","@id":"https:\/\/sacolis.net\/saco\/saco-papel-sabor-do-forno\/#primaryimage","url":"https:\/\/sacolis.net\/wp-content\/uploads\/2024\/06\/saco-papel-sabor-do-forno-sacolis.png","contentUrl":"https:\/\/sacolis.net\/wp-content\/uploads\/2024\/06\/saco-papel-sabor-do-forno-sacolis.png","width":433,"height":576,"caption":"Saco de papel Sacolis para padarias, pastelarias e estabelecimentos de venda de p\u00e3o."},{"@type":"BreadcrumbList","@id":"https:\/\/sacolis.net\/saco\/saco-papel-sabor-do-forno\/#breadcrumb","itemListElement":[{"@type":"ListItem","position":1,"name":"In\u00edcio","item":"https:\/\/sacolis.net\/"},{"@type":"ListItem","position":2,"name":"Loja","item":"https:\/\/sacolis.net\/loja\/"},{"@type":"ListItem","position":3,"name":"Saco Sabor do Forno"}]},{"@type":"WebSite","@id":"https:\/\/sacolis.net\/#website","url":"https:\/\/sacolis.net\/","name":"Sacolis","description":"Especialista Na Fabrica\u00e7\u00e3o E Personaliza\u00e7\u00e3o De Sacos De Papel","publisher":{"@id":"https:\/\/sacolis.net\/#organization"},"alternateName":"Sacolis - Fabrica\u00e7\u00e3o e Comercializa\u00e7\u00e3o de Sacos de Papel","potentialAction":[{"@type":"SearchAction","target":{"@type":"EntryPoint","urlTemplate":"https:\/\/sacolis.net\/?s={search_term_string}"},"query-input":{"@type":"PropertyValueSpecification","valueRequired":true,"valueName":"search_term_string"}}],"inLanguage":"en-US"},{"@type":"Organization","@id":"https:\/\/sacolis.net\/#organization","name":"Sacolis","alternateName":"Sacolis - Fabrica\u00e7\u00e3o e Comercializa\u00e7\u00e3o de Sacos de Papel","url":"https:\/\/sacolis.net\/","logo":{"@type":"ImageObject","inLanguage":"en-US","@id":"https:\/\/sacolis.net\/#\/schema\/logo\/image\/","url":"https:\/\/sacolis.net\/wp-content\/uploads\/2024\/08\/iconsacolis.png","contentUrl":"https:\/\/sacolis.net\/wp-content\/uploads\/2024\/08\/iconsacolis.png","width":123,"height":82,"caption":"Sacolis"},"image":{"@id":"https:\/\/sacolis.net\/#\/schema\/logo\/image\/"},"sameAs":["https:\/\/www.facebook.com\/p\/Sacolis-Lda-100063464740342\/?locale=pt_PT&_rdr","https:\/\/www.instagram.com\/sacolisacosdepapel\/"]}]}},"jetpack_sharing_enabled":true,"_links":{"self":[{"href":"https:\/\/sacolis.net\/en\/wp-json\/wp\/v2\/product\/28247"}],"collection":[{"href":"https:\/\/sacolis.net\/en\/wp-json\/wp\/v2\/product"}],"about":[{"href":"https:\/\/sacolis.net\/en\/wp-json\/wp\/v2\/types\/product"}],"replies":[{"embeddable":true,"href":"https:\/\/sacolis.net\/en\/wp-json\/wp\/v2\/comments?post=28247"}],"version-history":[{"count":8,"href":"https:\/\/sacolis.net\/en\/wp-json\/wp\/v2\/product\/28247\/revisions"}],"predecessor-version":[{"id":28637,"href":"https:\/\/sacolis.net\/en\/wp-json\/wp\/v2\/product\/28247\/revisions\/28637"}],"wp:featuredmedia":[{"embeddable":true,"href":"https:\/\/sacolis.net\/en\/wp-json\/wp\/v2\/media\/30389"}],"wp:attachment":[{"href":"https:\/\/sacolis.net\/en\/wp-json\/wp\/v2\/media?parent=28247"}],"wp:term":[{"taxonomy":"product_cat","embeddable":true,"href":"https:\/\/sacolis.net\/en\/wp-json\/wp\/v2\/product_cat?post=28247"},{"taxonomy":"product_tag","embeddable":true,"href":"https:\/\/sacolis.net\/en\/wp-json\/wp\/v2\/product_tag?post=28247"}],"curies":[{"name":"wp","href":"https:\/\/api.w.org\/{rel}","templated":true}]}}