{"id":28298,"date":"2024-06-20T14:27:11","date_gmt":"2024-06-20T14:27:11","guid":{"rendered":"https:\/\/sacolis.net\/?post_type=product&#038;p=28298"},"modified":"2024-10-04T09:01:32","modified_gmt":"2024-10-04T08:01:32","slug":"saco-papel-pao-espiga","status":"publish","type":"product","link":"https:\/\/sacolis.net\/en\/saco\/saco-papel-pao-espiga\/","title":{"rendered":"Spike Bag"},"content":{"rendered":"<p>We present our Espiga Bread Bag, the ideal product for packaging and transporting fresh bread.<\/p>\n<p>Made from strong and durable kraft paper, this bag measures 1.5 x 1.5 x 1.5 cm. <strong>39cm + (2cm x 5cm) x 74cm,<\/strong> perfect for different sizes of bread.<\/p>\n<p>With reinforced stitching and a practical opening, this bag is the ideal choice for bakeries and establishments looking to give their products a special touch. Get yours now and ensure quality packaging for your bread.<\/p>\n<p>The Espiga Bag is available in the following sizes:<\/p>\n<ul>\n<li>39cm + (2cm x 3cm) x 64cm<\/li>\n<li>39cm + (2cm x 5cm) x 74cm<\/li>\n<li>45cm + (2cm x 5cm) x 64cm<\/li>\n<li>45 cm + (2 cm x 5 cm) x 84 cm<\/li>\n<li>54cm + (2cm x 5cm) x 74cm<\/li>\n<\/ul>\n<p><strong>note:<\/strong> Our paper bags meet all current standards and certifications required for the sector for which they are intended.<\/p>","protected":false},"excerpt":{"rendered":"<p>The ideal choice for bakeries and establishments.<\/p>","protected":false},"featured_media":30366,"comment_status":"open","ping_status":"closed","template":"","meta":[],"product_cat":[29,42],"product_tag":[],"class_list":{"0":"post-28298","1":"product","2":"type-product","3":"status-publish","4":"has-post-thumbnail","6":"product_cat-cosidoeaberto","7":"product_cat-pao","9":"first","10":"instock","11":"taxable","12":"shipping-taxable","13":"product-type-variable"},"yoast_head":"<!-- This site is optimized with the Yoast SEO plugin v23.5 - https:\/\/yoast.com\/wordpress\/plugins\/seo\/ -->\n<title>Sacolis | Saco Espiga<\/title>\n<meta name=\"description\" content=\"A escolha ideal para padarias e estabelecimentos.\" \/>\n<meta name=\"robots\" content=\"index, follow, max-snippet:-1, max-image-preview:large, max-video-preview:-1\" \/>\n<link rel=\"canonical\" href=\"https:\/\/sacolis.net\/en\/saco\/saco-papel-pao-espiga\/\" \/>\n<meta property=\"og:locale\" content=\"en_US\" \/>\n<meta property=\"og:type\" content=\"article\" \/>\n<meta property=\"og:title\" content=\"Sacolis | Saco Espiga\" \/>\n<meta property=\"og:description\" content=\"A escolha ideal para padarias e estabelecimentos.\" \/>\n<meta property=\"og:url\" content=\"https:\/\/sacolis.net\/en\/saco\/saco-papel-pao-espiga\/\" \/>\n<meta property=\"og:site_name\" content=\"Sacolis - Fabrica\u00e7\u00e3o e Comercializa\u00e7\u00e3o de Sacos de Papel\" \/>\n<meta property=\"article:publisher\" content=\"https:\/\/www.facebook.com\/p\/Sacolis-Lda-100063464740342\/?locale=pt_PT&amp;_rdr\" \/>\n<meta property=\"article:modified_time\" content=\"2024-10-04T08:01:32+00:00\" \/>\n<meta property=\"og:image\" content=\"https:\/\/sacolis.net\/wp-content\/uploads\/2024\/08\/saco-papel-espiga-sacolis.png\" \/>\n\t<meta property=\"og:image:width\" content=\"433\" \/>\n\t<meta property=\"og:image:height\" content=\"577\" \/>\n\t<meta property=\"og:image:type\" content=\"image\/png\" \/>\n<meta name=\"twitter:card\" content=\"summary_large_image\" \/>\n<meta name=\"twitter:label1\" content=\"Est. reading time\" \/>\n\t<meta name=\"twitter:data1\" content=\"2 minutes\" \/>\n<script type=\"application\/ld+json\" class=\"yoast-schema-graph\">{\"@context\":\"https:\/\/schema.org\",\"@graph\":[{\"@type\":[\"WebPage\",\"ItemPage\"],\"@id\":\"https:\/\/sacolis.net\/saco\/saco-papel-pao-espiga\/\",\"url\":\"https:\/\/sacolis.net\/saco\/saco-papel-pao-espiga\/\",\"name\":\"Sacolis | Saco Espiga\",\"isPartOf\":{\"@id\":\"https:\/\/sacolis.net\/#website\"},\"primaryImageOfPage\":{\"@id\":\"https:\/\/sacolis.net\/saco\/saco-papel-pao-espiga\/#primaryimage\"},\"image\":{\"@id\":\"https:\/\/sacolis.net\/saco\/saco-papel-pao-espiga\/#primaryimage\"},\"thumbnailUrl\":\"https:\/\/sacolis.net\/wp-content\/uploads\/2024\/08\/saco-papel-espiga-sacolis.png\",\"datePublished\":\"2024-06-20T14:27:11+00:00\",\"dateModified\":\"2024-10-04T08:01:32+00:00\",\"description\":\"A escolha ideal para padarias e estabelecimentos.\",\"breadcrumb\":{\"@id\":\"https:\/\/sacolis.net\/saco\/saco-papel-pao-espiga\/#breadcrumb\"},\"inLanguage\":\"en-US\",\"potentialAction\":[{\"@type\":\"ReadAction\",\"target\":[\"https:\/\/sacolis.net\/saco\/saco-papel-pao-espiga\/\"]}]},{\"@type\":\"ImageObject\",\"inLanguage\":\"en-US\",\"@id\":\"https:\/\/sacolis.net\/saco\/saco-papel-pao-espiga\/#primaryimage\",\"url\":\"https:\/\/sacolis.net\/wp-content\/uploads\/2024\/08\/saco-papel-espiga-sacolis.png\",\"contentUrl\":\"https:\/\/sacolis.net\/wp-content\/uploads\/2024\/08\/saco-papel-espiga-sacolis.png\",\"width\":433,\"height\":577,\"caption\":\"Saco de papel Sacolis para padarias, panificadoras, quantidades grande de p\u00e3o.\"},{\"@type\":\"BreadcrumbList\",\"@id\":\"https:\/\/sacolis.net\/saco\/saco-papel-pao-espiga\/#breadcrumb\",\"itemListElement\":[{\"@type\":\"ListItem\",\"position\":1,\"name\":\"In\u00edcio\",\"item\":\"https:\/\/sacolis.net\/\"},{\"@type\":\"ListItem\",\"position\":2,\"name\":\"Loja\",\"item\":\"https:\/\/sacolis.net\/loja\/\"},{\"@type\":\"ListItem\",\"position\":3,\"name\":\"Saco Espiga\"}]},{\"@type\":\"WebSite\",\"@id\":\"https:\/\/sacolis.net\/#website\",\"url\":\"https:\/\/sacolis.net\/\",\"name\":\"Sacolis\",\"description\":\"Especialista Na Fabrica\u00e7\u00e3o E Personaliza\u00e7\u00e3o De Sacos De Papel\",\"publisher\":{\"@id\":\"https:\/\/sacolis.net\/#organization\"},\"alternateName\":\"Sacolis - Fabrica\u00e7\u00e3o e Comercializa\u00e7\u00e3o de Sacos de Papel\",\"potentialAction\":[{\"@type\":\"SearchAction\",\"target\":{\"@type\":\"EntryPoint\",\"urlTemplate\":\"https:\/\/sacolis.net\/?s={search_term_string}\"},\"query-input\":{\"@type\":\"PropertyValueSpecification\",\"valueRequired\":true,\"valueName\":\"search_term_string\"}}],\"inLanguage\":\"en-US\"},{\"@type\":\"Organization\",\"@id\":\"https:\/\/sacolis.net\/#organization\",\"name\":\"Sacolis\",\"alternateName\":\"Sacolis - Fabrica\u00e7\u00e3o e Comercializa\u00e7\u00e3o de Sacos de Papel\",\"url\":\"https:\/\/sacolis.net\/\",\"logo\":{\"@type\":\"ImageObject\",\"inLanguage\":\"en-US\",\"@id\":\"https:\/\/sacolis.net\/#\/schema\/logo\/image\/\",\"url\":\"https:\/\/sacolis.net\/wp-content\/uploads\/2024\/08\/iconsacolis.png\",\"contentUrl\":\"https:\/\/sacolis.net\/wp-content\/uploads\/2024\/08\/iconsacolis.png\",\"width\":123,\"height\":82,\"caption\":\"Sacolis\"},\"image\":{\"@id\":\"https:\/\/sacolis.net\/#\/schema\/logo\/image\/\"},\"sameAs\":[\"https:\/\/www.facebook.com\/p\/Sacolis-Lda-100063464740342\/?locale=pt_PT&_rdr\",\"https:\/\/www.instagram.com\/sacolisacosdepapel\/\"]}]}<\/script>\n<!-- \/ Yoast SEO plugin. -->","yoast_head_json":{"title":"Sacolis | Saco Espiga","description":"A escolha ideal para padarias e estabelecimentos.","robots":{"index":"index","follow":"follow","max-snippet":"max-snippet:-1","max-image-preview":"max-image-preview:large","max-video-preview":"max-video-preview:-1"},"canonical":"https:\/\/sacolis.net\/en\/saco\/saco-papel-pao-espiga\/","og_locale":"en_US","og_type":"article","og_title":"Sacolis | Saco Espiga","og_description":"A escolha ideal para padarias e estabelecimentos.","og_url":"https:\/\/sacolis.net\/en\/saco\/saco-papel-pao-espiga\/","og_site_name":"Sacolis - Fabrica\u00e7\u00e3o e Comercializa\u00e7\u00e3o de Sacos de Papel","article_publisher":"https:\/\/www.facebook.com\/p\/Sacolis-Lda-100063464740342\/?locale=pt_PT&_rdr","article_modified_time":"2024-10-04T08:01:32+00:00","og_image":[{"width":433,"height":577,"url":"https:\/\/sacolis.net\/wp-content\/uploads\/2024\/08\/saco-papel-espiga-sacolis.png","type":"image\/png"}],"twitter_card":"summary_large_image","twitter_misc":{"Est. reading time":"2 minutes"},"schema":{"@context":"https:\/\/schema.org","@graph":[{"@type":["WebPage","ItemPage"],"@id":"https:\/\/sacolis.net\/saco\/saco-papel-pao-espiga\/","url":"https:\/\/sacolis.net\/saco\/saco-papel-pao-espiga\/","name":"Sacolis | Saco Espiga","isPartOf":{"@id":"https:\/\/sacolis.net\/#website"},"primaryImageOfPage":{"@id":"https:\/\/sacolis.net\/saco\/saco-papel-pao-espiga\/#primaryimage"},"image":{"@id":"https:\/\/sacolis.net\/saco\/saco-papel-pao-espiga\/#primaryimage"},"thumbnailUrl":"https:\/\/sacolis.net\/wp-content\/uploads\/2024\/08\/saco-papel-espiga-sacolis.png","datePublished":"2024-06-20T14:27:11+00:00","dateModified":"2024-10-04T08:01:32+00:00","description":"A escolha ideal para padarias e estabelecimentos.","breadcrumb":{"@id":"https:\/\/sacolis.net\/saco\/saco-papel-pao-espiga\/#breadcrumb"},"inLanguage":"en-US","potentialAction":[{"@type":"ReadAction","target":["https:\/\/sacolis.net\/saco\/saco-papel-pao-espiga\/"]}]},{"@type":"ImageObject","inLanguage":"en-US","@id":"https:\/\/sacolis.net\/saco\/saco-papel-pao-espiga\/#primaryimage","url":"https:\/\/sacolis.net\/wp-content\/uploads\/2024\/08\/saco-papel-espiga-sacolis.png","contentUrl":"https:\/\/sacolis.net\/wp-content\/uploads\/2024\/08\/saco-papel-espiga-sacolis.png","width":433,"height":577,"caption":"Saco de papel Sacolis para padarias, panificadoras, quantidades grande de p\u00e3o."},{"@type":"BreadcrumbList","@id":"https:\/\/sacolis.net\/saco\/saco-papel-pao-espiga\/#breadcrumb","itemListElement":[{"@type":"ListItem","position":1,"name":"In\u00edcio","item":"https:\/\/sacolis.net\/"},{"@type":"ListItem","position":2,"name":"Loja","item":"https:\/\/sacolis.net\/loja\/"},{"@type":"ListItem","position":3,"name":"Saco Espiga"}]},{"@type":"WebSite","@id":"https:\/\/sacolis.net\/#website","url":"https:\/\/sacolis.net\/","name":"Sacolis","description":"Especialista Na Fabrica\u00e7\u00e3o E Personaliza\u00e7\u00e3o De Sacos De Papel","publisher":{"@id":"https:\/\/sacolis.net\/#organization"},"alternateName":"Sacolis - Fabrica\u00e7\u00e3o e Comercializa\u00e7\u00e3o de Sacos de Papel","potentialAction":[{"@type":"SearchAction","target":{"@type":"EntryPoint","urlTemplate":"https:\/\/sacolis.net\/?s={search_term_string}"},"query-input":{"@type":"PropertyValueSpecification","valueRequired":true,"valueName":"search_term_string"}}],"inLanguage":"en-US"},{"@type":"Organization","@id":"https:\/\/sacolis.net\/#organization","name":"Sacolis","alternateName":"Sacolis - Fabrica\u00e7\u00e3o e Comercializa\u00e7\u00e3o de Sacos de Papel","url":"https:\/\/sacolis.net\/","logo":{"@type":"ImageObject","inLanguage":"en-US","@id":"https:\/\/sacolis.net\/#\/schema\/logo\/image\/","url":"https:\/\/sacolis.net\/wp-content\/uploads\/2024\/08\/iconsacolis.png","contentUrl":"https:\/\/sacolis.net\/wp-content\/uploads\/2024\/08\/iconsacolis.png","width":123,"height":82,"caption":"Sacolis"},"image":{"@id":"https:\/\/sacolis.net\/#\/schema\/logo\/image\/"},"sameAs":["https:\/\/www.facebook.com\/p\/Sacolis-Lda-100063464740342\/?locale=pt_PT&_rdr","https:\/\/www.instagram.com\/sacolisacosdepapel\/"]}]}},"jetpack_sharing_enabled":true,"_links":{"self":[{"href":"https:\/\/sacolis.net\/en\/wp-json\/wp\/v2\/product\/28298"}],"collection":[{"href":"https:\/\/sacolis.net\/en\/wp-json\/wp\/v2\/product"}],"about":[{"href":"https:\/\/sacolis.net\/en\/wp-json\/wp\/v2\/types\/product"}],"replies":[{"embeddable":true,"href":"https:\/\/sacolis.net\/en\/wp-json\/wp\/v2\/comments?post=28298"}],"version-history":[{"count":11,"href":"https:\/\/sacolis.net\/en\/wp-json\/wp\/v2\/product\/28298\/revisions"}],"predecessor-version":[{"id":30308,"href":"https:\/\/sacolis.net\/en\/wp-json\/wp\/v2\/product\/28298\/revisions\/30308"}],"wp:featuredmedia":[{"embeddable":true,"href":"https:\/\/sacolis.net\/en\/wp-json\/wp\/v2\/media\/30366"}],"wp:attachment":[{"href":"https:\/\/sacolis.net\/en\/wp-json\/wp\/v2\/media?parent=28298"}],"wp:term":[{"taxonomy":"product_cat","embeddable":true,"href":"https:\/\/sacolis.net\/en\/wp-json\/wp\/v2\/product_cat?post=28298"},{"taxonomy":"product_tag","embeddable":true,"href":"https:\/\/sacolis.net\/en\/wp-json\/wp\/v2\/product_tag?post=28298"}],"curies":[{"name":"wp","href":"https:\/\/api.w.org\/{rel}","templated":true}]}}