{"id":28304,"date":"2024-06-20T16:17:41","date_gmt":"2024-06-20T16:17:41","guid":{"rendered":"https:\/\/sacolis.net\/?post_type=product&#038;p=28304"},"modified":"2024-10-04T09:01:06","modified_gmt":"2024-10-04T08:01:06","slug":"saco-sopas","status":"publish","type":"product","link":"https:\/\/sacolis.net\/en\/saco\/saco-sopas\/","title":{"rendered":"Soups Bag"},"content":{"rendered":"<p>The Sopas paper bag is perfect for packaging and transporting soups and other take-away items.<\/p>\n<p>This kraft paper bag adds a touch of charm to your takeaway orders.<\/p>\n<p>This bag is available in two sizes, making it spacious enough to hold a variety of foods, yet still compact and easy to carry.<\/p>\n<p>Whether you are a restaurant or a catering company, this durable and stylish paper bag is an essential addition to your packaging materials.<\/p>\n<p>Elevate your brand image and ensure your customers&#039; meals arrive in style with the &#039;Soups&#039; paper bag<\/p>\n<p>The Sopas bag is available in the following sizes:<\/p>\n<ul>\n<li>24cm x 37cm x 9cm<\/li>\n<li>34cm x 34cm x 12cm<\/li>\n<\/ul>\n<p><strong>note:<\/strong> Our paper bags meet all current standards and certifications required for the sector for which they are intended.<\/p>","protected":false},"excerpt":{"rendered":"<p>The Sopas paper bag is perfect for packaging and transporting soups and other take-away items.<\/p>","protected":false},"featured_media":30362,"comment_status":"open","ping_status":"closed","template":"","meta":[],"product_cat":[32,74],"product_tag":[],"class_list":{"0":"post-28304","1":"product","2":"type-product","3":"status-publish","4":"has-post-thumbnail","6":"product_cat-saqueta","7":"product_cat-take-away","9":"first","10":"instock","11":"taxable","12":"shipping-taxable","13":"product-type-variable"},"yoast_head":"<!-- This site is optimized with the Yoast SEO plugin v23.5 - https:\/\/yoast.com\/wordpress\/plugins\/seo\/ -->\n<title>Sacolis | Saco Sopas<\/title>\n<meta name=\"description\" content=\"O saco de papel Sopas \u00e9 perfeito para embalar e transportar sopas e outros artigos de take-away.\" \/>\n<meta name=\"robots\" content=\"index, follow, max-snippet:-1, max-image-preview:large, max-video-preview:-1\" \/>\n<link rel=\"canonical\" href=\"https:\/\/sacolis.net\/en\/saco\/saco-sopas\/\" \/>\n<meta property=\"og:locale\" content=\"en_US\" \/>\n<meta property=\"og:type\" content=\"article\" \/>\n<meta property=\"og:title\" content=\"Sacolis | Saco Sopas\" \/>\n<meta property=\"og:description\" content=\"O saco de papel Sopas \u00e9 perfeito para embalar e transportar sopas e outros artigos de take-away.\" \/>\n<meta property=\"og:url\" content=\"https:\/\/sacolis.net\/en\/saco\/saco-sopas\/\" \/>\n<meta property=\"og:site_name\" content=\"Sacolis - Fabrica\u00e7\u00e3o e Comercializa\u00e7\u00e3o de Sacos de Papel\" \/>\n<meta property=\"article:publisher\" content=\"https:\/\/www.facebook.com\/p\/Sacolis-Lda-100063464740342\/?locale=pt_PT&amp;_rdr\" \/>\n<meta property=\"article:modified_time\" content=\"2024-10-04T08:01:06+00:00\" \/>\n<meta property=\"og:image\" content=\"https:\/\/sacolis.net\/wp-content\/uploads\/2024\/06\/saco-papel-sopas-sacolis.png\" \/>\n\t<meta property=\"og:image:width\" content=\"433\" \/>\n\t<meta property=\"og:image:height\" content=\"577\" \/>\n\t<meta property=\"og:image:type\" content=\"image\/png\" \/>\n<meta name=\"twitter:card\" content=\"summary_large_image\" \/>\n<meta name=\"twitter:label1\" content=\"Est. reading time\" \/>\n\t<meta name=\"twitter:data1\" content=\"1 minute\" \/>\n<script type=\"application\/ld+json\" class=\"yoast-schema-graph\">{\"@context\":\"https:\/\/schema.org\",\"@graph\":[{\"@type\":[\"WebPage\",\"ItemPage\"],\"@id\":\"https:\/\/sacolis.net\/saco\/saco-sopas\/\",\"url\":\"https:\/\/sacolis.net\/saco\/saco-sopas\/\",\"name\":\"Sacolis | Saco Sopas\",\"isPartOf\":{\"@id\":\"https:\/\/sacolis.net\/#website\"},\"primaryImageOfPage\":{\"@id\":\"https:\/\/sacolis.net\/saco\/saco-sopas\/#primaryimage\"},\"image\":{\"@id\":\"https:\/\/sacolis.net\/saco\/saco-sopas\/#primaryimage\"},\"thumbnailUrl\":\"https:\/\/sacolis.net\/wp-content\/uploads\/2024\/06\/saco-papel-sopas-sacolis.png\",\"datePublished\":\"2024-06-20T16:17:41+00:00\",\"dateModified\":\"2024-10-04T08:01:06+00:00\",\"description\":\"O saco de papel Sopas \u00e9 perfeito para embalar e transportar sopas e outros artigos de take-away.\",\"breadcrumb\":{\"@id\":\"https:\/\/sacolis.net\/saco\/saco-sopas\/#breadcrumb\"},\"inLanguage\":\"en-US\",\"potentialAction\":[{\"@type\":\"ReadAction\",\"target\":[\"https:\/\/sacolis.net\/saco\/saco-sopas\/\"]}]},{\"@type\":\"ImageObject\",\"inLanguage\":\"en-US\",\"@id\":\"https:\/\/sacolis.net\/saco\/saco-sopas\/#primaryimage\",\"url\":\"https:\/\/sacolis.net\/wp-content\/uploads\/2024\/06\/saco-papel-sopas-sacolis.png\",\"contentUrl\":\"https:\/\/sacolis.net\/wp-content\/uploads\/2024\/06\/saco-papel-sopas-sacolis.png\",\"width\":433,\"height\":577,\"caption\":\"Saco de papel Sacolis para take away.\"},{\"@type\":\"BreadcrumbList\",\"@id\":\"https:\/\/sacolis.net\/saco\/saco-sopas\/#breadcrumb\",\"itemListElement\":[{\"@type\":\"ListItem\",\"position\":1,\"name\":\"In\u00edcio\",\"item\":\"https:\/\/sacolis.net\/\"},{\"@type\":\"ListItem\",\"position\":2,\"name\":\"Loja\",\"item\":\"https:\/\/sacolis.net\/loja\/\"},{\"@type\":\"ListItem\",\"position\":3,\"name\":\"Saco Sopas\"}]},{\"@type\":\"WebSite\",\"@id\":\"https:\/\/sacolis.net\/#website\",\"url\":\"https:\/\/sacolis.net\/\",\"name\":\"Sacolis\",\"description\":\"Especialista Na Fabrica\u00e7\u00e3o E Personaliza\u00e7\u00e3o De Sacos De Papel\",\"publisher\":{\"@id\":\"https:\/\/sacolis.net\/#organization\"},\"alternateName\":\"Sacolis - Fabrica\u00e7\u00e3o e Comercializa\u00e7\u00e3o de Sacos de Papel\",\"potentialAction\":[{\"@type\":\"SearchAction\",\"target\":{\"@type\":\"EntryPoint\",\"urlTemplate\":\"https:\/\/sacolis.net\/?s={search_term_string}\"},\"query-input\":{\"@type\":\"PropertyValueSpecification\",\"valueRequired\":true,\"valueName\":\"search_term_string\"}}],\"inLanguage\":\"en-US\"},{\"@type\":\"Organization\",\"@id\":\"https:\/\/sacolis.net\/#organization\",\"name\":\"Sacolis\",\"alternateName\":\"Sacolis - Fabrica\u00e7\u00e3o e Comercializa\u00e7\u00e3o de Sacos de Papel\",\"url\":\"https:\/\/sacolis.net\/\",\"logo\":{\"@type\":\"ImageObject\",\"inLanguage\":\"en-US\",\"@id\":\"https:\/\/sacolis.net\/#\/schema\/logo\/image\/\",\"url\":\"https:\/\/sacolis.net\/wp-content\/uploads\/2024\/08\/iconsacolis.png\",\"contentUrl\":\"https:\/\/sacolis.net\/wp-content\/uploads\/2024\/08\/iconsacolis.png\",\"width\":123,\"height\":82,\"caption\":\"Sacolis\"},\"image\":{\"@id\":\"https:\/\/sacolis.net\/#\/schema\/logo\/image\/\"},\"sameAs\":[\"https:\/\/www.facebook.com\/p\/Sacolis-Lda-100063464740342\/?locale=pt_PT&_rdr\",\"https:\/\/www.instagram.com\/sacolisacosdepapel\/\"]}]}<\/script>\n<!-- \/ Yoast SEO plugin. -->","yoast_head_json":{"title":"Sacolis | Saco Sopas","description":"O saco de papel Sopas \u00e9 perfeito para embalar e transportar sopas e outros artigos de take-away.","robots":{"index":"index","follow":"follow","max-snippet":"max-snippet:-1","max-image-preview":"max-image-preview:large","max-video-preview":"max-video-preview:-1"},"canonical":"https:\/\/sacolis.net\/en\/saco\/saco-sopas\/","og_locale":"en_US","og_type":"article","og_title":"Sacolis | Saco Sopas","og_description":"O saco de papel Sopas \u00e9 perfeito para embalar e transportar sopas e outros artigos de take-away.","og_url":"https:\/\/sacolis.net\/en\/saco\/saco-sopas\/","og_site_name":"Sacolis - Fabrica\u00e7\u00e3o e Comercializa\u00e7\u00e3o de Sacos de Papel","article_publisher":"https:\/\/www.facebook.com\/p\/Sacolis-Lda-100063464740342\/?locale=pt_PT&_rdr","article_modified_time":"2024-10-04T08:01:06+00:00","og_image":[{"width":433,"height":577,"url":"https:\/\/sacolis.net\/wp-content\/uploads\/2024\/06\/saco-papel-sopas-sacolis.png","type":"image\/png"}],"twitter_card":"summary_large_image","twitter_misc":{"Est. reading time":"1 minute"},"schema":{"@context":"https:\/\/schema.org","@graph":[{"@type":["WebPage","ItemPage"],"@id":"https:\/\/sacolis.net\/saco\/saco-sopas\/","url":"https:\/\/sacolis.net\/saco\/saco-sopas\/","name":"Sacolis | Saco Sopas","isPartOf":{"@id":"https:\/\/sacolis.net\/#website"},"primaryImageOfPage":{"@id":"https:\/\/sacolis.net\/saco\/saco-sopas\/#primaryimage"},"image":{"@id":"https:\/\/sacolis.net\/saco\/saco-sopas\/#primaryimage"},"thumbnailUrl":"https:\/\/sacolis.net\/wp-content\/uploads\/2024\/06\/saco-papel-sopas-sacolis.png","datePublished":"2024-06-20T16:17:41+00:00","dateModified":"2024-10-04T08:01:06+00:00","description":"O saco de papel Sopas \u00e9 perfeito para embalar e transportar sopas e outros artigos de take-away.","breadcrumb":{"@id":"https:\/\/sacolis.net\/saco\/saco-sopas\/#breadcrumb"},"inLanguage":"en-US","potentialAction":[{"@type":"ReadAction","target":["https:\/\/sacolis.net\/saco\/saco-sopas\/"]}]},{"@type":"ImageObject","inLanguage":"en-US","@id":"https:\/\/sacolis.net\/saco\/saco-sopas\/#primaryimage","url":"https:\/\/sacolis.net\/wp-content\/uploads\/2024\/06\/saco-papel-sopas-sacolis.png","contentUrl":"https:\/\/sacolis.net\/wp-content\/uploads\/2024\/06\/saco-papel-sopas-sacolis.png","width":433,"height":577,"caption":"Saco de papel Sacolis para take away."},{"@type":"BreadcrumbList","@id":"https:\/\/sacolis.net\/saco\/saco-sopas\/#breadcrumb","itemListElement":[{"@type":"ListItem","position":1,"name":"In\u00edcio","item":"https:\/\/sacolis.net\/"},{"@type":"ListItem","position":2,"name":"Loja","item":"https:\/\/sacolis.net\/loja\/"},{"@type":"ListItem","position":3,"name":"Saco Sopas"}]},{"@type":"WebSite","@id":"https:\/\/sacolis.net\/#website","url":"https:\/\/sacolis.net\/","name":"Sacolis","description":"Especialista Na Fabrica\u00e7\u00e3o E Personaliza\u00e7\u00e3o De Sacos De Papel","publisher":{"@id":"https:\/\/sacolis.net\/#organization"},"alternateName":"Sacolis - Fabrica\u00e7\u00e3o e Comercializa\u00e7\u00e3o de Sacos de Papel","potentialAction":[{"@type":"SearchAction","target":{"@type":"EntryPoint","urlTemplate":"https:\/\/sacolis.net\/?s={search_term_string}"},"query-input":{"@type":"PropertyValueSpecification","valueRequired":true,"valueName":"search_term_string"}}],"inLanguage":"en-US"},{"@type":"Organization","@id":"https:\/\/sacolis.net\/#organization","name":"Sacolis","alternateName":"Sacolis - Fabrica\u00e7\u00e3o e Comercializa\u00e7\u00e3o de Sacos de Papel","url":"https:\/\/sacolis.net\/","logo":{"@type":"ImageObject","inLanguage":"en-US","@id":"https:\/\/sacolis.net\/#\/schema\/logo\/image\/","url":"https:\/\/sacolis.net\/wp-content\/uploads\/2024\/08\/iconsacolis.png","contentUrl":"https:\/\/sacolis.net\/wp-content\/uploads\/2024\/08\/iconsacolis.png","width":123,"height":82,"caption":"Sacolis"},"image":{"@id":"https:\/\/sacolis.net\/#\/schema\/logo\/image\/"},"sameAs":["https:\/\/www.facebook.com\/p\/Sacolis-Lda-100063464740342\/?locale=pt_PT&_rdr","https:\/\/www.instagram.com\/sacolisacosdepapel\/"]}]}},"jetpack_sharing_enabled":true,"_links":{"self":[{"href":"https:\/\/sacolis.net\/en\/wp-json\/wp\/v2\/product\/28304"}],"collection":[{"href":"https:\/\/sacolis.net\/en\/wp-json\/wp\/v2\/product"}],"about":[{"href":"https:\/\/sacolis.net\/en\/wp-json\/wp\/v2\/types\/product"}],"replies":[{"embeddable":true,"href":"https:\/\/sacolis.net\/en\/wp-json\/wp\/v2\/comments?post=28304"}],"version-history":[{"count":6,"href":"https:\/\/sacolis.net\/en\/wp-json\/wp\/v2\/product\/28304\/revisions"}],"predecessor-version":[{"id":30363,"href":"https:\/\/sacolis.net\/en\/wp-json\/wp\/v2\/product\/28304\/revisions\/30363"}],"wp:featuredmedia":[{"embeddable":true,"href":"https:\/\/sacolis.net\/en\/wp-json\/wp\/v2\/media\/30362"}],"wp:attachment":[{"href":"https:\/\/sacolis.net\/en\/wp-json\/wp\/v2\/media?parent=28304"}],"wp:term":[{"taxonomy":"product_cat","embeddable":true,"href":"https:\/\/sacolis.net\/en\/wp-json\/wp\/v2\/product_cat?post=28304"},{"taxonomy":"product_tag","embeddable":true,"href":"https:\/\/sacolis.net\/en\/wp-json\/wp\/v2\/product_tag?post=28304"}],"curies":[{"name":"wp","href":"https:\/\/api.w.org\/{rel}","templated":true}]}}