{"id":28482,"date":"2024-06-24T16:32:23","date_gmt":"2024-06-24T16:32:23","guid":{"rendered":"https:\/\/sacolis.net\/?post_type=product&#038;p=28482"},"modified":"2024-10-04T08:57:30","modified_gmt":"2024-10-04T07:57:30","slug":"saco-papel-ecoviver","status":"publish","type":"product","link":"https:\/\/sacolis.net\/en\/saco\/saco-papel-ecoviver\/","title":{"rendered":"Eco Living Bag"},"content":{"rendered":"<p>The Eco Viver Paper Bag is an ecological and sustainable option for those looking for quality packaging to store or transport small products.<\/p>\n<p>Made of brown kraft paper, this bag is strong and durable, providing the necessary security for your goods. With dimensions of<strong> 24cm(width) x 37cm(length) x 9cm(bottom width),<\/strong>\u00a0has enough space to accommodate a variety of items.<\/p>\n<p>Plus, it\u2019s glued and opened, making the packaging process quick and efficient. With a standard image print, this paper bag is a practical and aesthetically pleasing choice for any business.<\/p>\n<p>Available in Pink and Green.<\/p>\n<p><strong>note:<\/strong> Our paper bags meet all current standards and certifications required for the sector for which they are intended.<\/p>","protected":false},"excerpt":{"rendered":"<p>The Eco Viver Paper Bag is a sustainable option if you are looking for a quality bag to transport small products.<\/p>","protected":false},"featured_media":30333,"comment_status":"open","ping_status":"closed","template":"","meta":[],"product_cat":[32],"product_tag":[],"class_list":{"0":"post-28482","1":"product","2":"type-product","3":"status-publish","4":"has-post-thumbnail","6":"product_cat-saqueta","8":"first","9":"instock","10":"taxable","11":"shipping-taxable","12":"product-type-variable"},"yoast_head":"<!-- This site is optimized with the Yoast SEO plugin v23.5 - https:\/\/yoast.com\/wordpress\/plugins\/seo\/ -->\n<title>Sacolis | Saco Eco Viver<\/title>\n<meta name=\"description\" content=\"O Saco de Papel Eco Viver \u00e9 uma op\u00e7\u00e3o sustent\u00e1vel se procura um saco de qualidade para transportar produtos de pequena dimens\u00e3o.\" \/>\n<meta name=\"robots\" content=\"index, follow, max-snippet:-1, max-image-preview:large, max-video-preview:-1\" \/>\n<link rel=\"canonical\" href=\"https:\/\/sacolis.net\/en\/saco\/saco-papel-ecoviver\/\" \/>\n<meta property=\"og:locale\" content=\"en_US\" \/>\n<meta property=\"og:type\" content=\"article\" \/>\n<meta property=\"og:title\" content=\"Sacolis | Saco Eco Viver\" \/>\n<meta property=\"og:description\" content=\"O Saco de Papel Eco Viver \u00e9 uma op\u00e7\u00e3o sustent\u00e1vel se procura um saco de qualidade para transportar produtos de pequena dimens\u00e3o.\" \/>\n<meta property=\"og:url\" content=\"https:\/\/sacolis.net\/en\/saco\/saco-papel-ecoviver\/\" \/>\n<meta property=\"og:site_name\" content=\"Sacolis - Fabrica\u00e7\u00e3o e Comercializa\u00e7\u00e3o de Sacos de Papel\" \/>\n<meta property=\"article:publisher\" content=\"https:\/\/www.facebook.com\/p\/Sacolis-Lda-100063464740342\/?locale=pt_PT&amp;_rdr\" \/>\n<meta property=\"article:modified_time\" content=\"2024-10-04T07:57:30+00:00\" \/>\n<meta property=\"og:image\" content=\"https:\/\/sacolis.net\/wp-content\/uploads\/2024\/06\/saco-papel-ecoviver-verde-sacolis.png\" \/>\n\t<meta property=\"og:image:width\" content=\"433\" \/>\n\t<meta property=\"og:image:height\" content=\"577\" \/>\n\t<meta property=\"og:image:type\" content=\"image\/png\" \/>\n<meta name=\"twitter:card\" content=\"summary_large_image\" \/>\n<meta name=\"twitter:label1\" content=\"Est. reading time\" \/>\n\t<meta name=\"twitter:data1\" content=\"1 minute\" \/>\n<script type=\"application\/ld+json\" class=\"yoast-schema-graph\">{\"@context\":\"https:\/\/schema.org\",\"@graph\":[{\"@type\":[\"WebPage\",\"ItemPage\"],\"@id\":\"https:\/\/sacolis.net\/saco\/saco-papel-ecoviver\/\",\"url\":\"https:\/\/sacolis.net\/saco\/saco-papel-ecoviver\/\",\"name\":\"Sacolis | Saco Eco Viver\",\"isPartOf\":{\"@id\":\"https:\/\/sacolis.net\/#website\"},\"primaryImageOfPage\":{\"@id\":\"https:\/\/sacolis.net\/saco\/saco-papel-ecoviver\/#primaryimage\"},\"image\":{\"@id\":\"https:\/\/sacolis.net\/saco\/saco-papel-ecoviver\/#primaryimage\"},\"thumbnailUrl\":\"https:\/\/sacolis.net\/wp-content\/uploads\/2024\/06\/saco-papel-ecoviver-verde-sacolis.png\",\"datePublished\":\"2024-06-24T16:32:23+00:00\",\"dateModified\":\"2024-10-04T07:57:30+00:00\",\"description\":\"O Saco de Papel Eco Viver \u00e9 uma op\u00e7\u00e3o sustent\u00e1vel se procura um saco de qualidade para transportar produtos de pequena dimens\u00e3o.\",\"breadcrumb\":{\"@id\":\"https:\/\/sacolis.net\/saco\/saco-papel-ecoviver\/#breadcrumb\"},\"inLanguage\":\"en-US\",\"potentialAction\":[{\"@type\":\"ReadAction\",\"target\":[\"https:\/\/sacolis.net\/saco\/saco-papel-ecoviver\/\"]}]},{\"@type\":\"ImageObject\",\"inLanguage\":\"en-US\",\"@id\":\"https:\/\/sacolis.net\/saco\/saco-papel-ecoviver\/#primaryimage\",\"url\":\"https:\/\/sacolis.net\/wp-content\/uploads\/2024\/06\/saco-papel-ecoviver-verde-sacolis.png\",\"contentUrl\":\"https:\/\/sacolis.net\/wp-content\/uploads\/2024\/06\/saco-papel-ecoviver-verde-sacolis.png\",\"width\":433,\"height\":577,\"caption\":\"Saco de papel Sacolis para transporte de pequenos produtos.\"},{\"@type\":\"BreadcrumbList\",\"@id\":\"https:\/\/sacolis.net\/saco\/saco-papel-ecoviver\/#breadcrumb\",\"itemListElement\":[{\"@type\":\"ListItem\",\"position\":1,\"name\":\"In\u00edcio\",\"item\":\"https:\/\/sacolis.net\/\"},{\"@type\":\"ListItem\",\"position\":2,\"name\":\"Loja\",\"item\":\"https:\/\/sacolis.net\/loja\/\"},{\"@type\":\"ListItem\",\"position\":3,\"name\":\"Saco Eco Viver\"}]},{\"@type\":\"WebSite\",\"@id\":\"https:\/\/sacolis.net\/#website\",\"url\":\"https:\/\/sacolis.net\/\",\"name\":\"Sacolis\",\"description\":\"Especialista Na Fabrica\u00e7\u00e3o E Personaliza\u00e7\u00e3o De Sacos De Papel\",\"publisher\":{\"@id\":\"https:\/\/sacolis.net\/#organization\"},\"alternateName\":\"Sacolis - Fabrica\u00e7\u00e3o e Comercializa\u00e7\u00e3o de Sacos de Papel\",\"potentialAction\":[{\"@type\":\"SearchAction\",\"target\":{\"@type\":\"EntryPoint\",\"urlTemplate\":\"https:\/\/sacolis.net\/?s={search_term_string}\"},\"query-input\":{\"@type\":\"PropertyValueSpecification\",\"valueRequired\":true,\"valueName\":\"search_term_string\"}}],\"inLanguage\":\"en-US\"},{\"@type\":\"Organization\",\"@id\":\"https:\/\/sacolis.net\/#organization\",\"name\":\"Sacolis\",\"alternateName\":\"Sacolis - Fabrica\u00e7\u00e3o e Comercializa\u00e7\u00e3o de Sacos de Papel\",\"url\":\"https:\/\/sacolis.net\/\",\"logo\":{\"@type\":\"ImageObject\",\"inLanguage\":\"en-US\",\"@id\":\"https:\/\/sacolis.net\/#\/schema\/logo\/image\/\",\"url\":\"https:\/\/sacolis.net\/wp-content\/uploads\/2024\/08\/iconsacolis.png\",\"contentUrl\":\"https:\/\/sacolis.net\/wp-content\/uploads\/2024\/08\/iconsacolis.png\",\"width\":123,\"height\":82,\"caption\":\"Sacolis\"},\"image\":{\"@id\":\"https:\/\/sacolis.net\/#\/schema\/logo\/image\/\"},\"sameAs\":[\"https:\/\/www.facebook.com\/p\/Sacolis-Lda-100063464740342\/?locale=pt_PT&_rdr\",\"https:\/\/www.instagram.com\/sacolisacosdepapel\/\"]}]}<\/script>\n<!-- \/ Yoast SEO plugin. -->","yoast_head_json":{"title":"Sacolis | Saco Eco Viver","description":"O Saco de Papel Eco Viver \u00e9 uma op\u00e7\u00e3o sustent\u00e1vel se procura um saco de qualidade para transportar produtos de pequena dimens\u00e3o.","robots":{"index":"index","follow":"follow","max-snippet":"max-snippet:-1","max-image-preview":"max-image-preview:large","max-video-preview":"max-video-preview:-1"},"canonical":"https:\/\/sacolis.net\/en\/saco\/saco-papel-ecoviver\/","og_locale":"en_US","og_type":"article","og_title":"Sacolis | Saco Eco Viver","og_description":"O Saco de Papel Eco Viver \u00e9 uma op\u00e7\u00e3o sustent\u00e1vel se procura um saco de qualidade para transportar produtos de pequena dimens\u00e3o.","og_url":"https:\/\/sacolis.net\/en\/saco\/saco-papel-ecoviver\/","og_site_name":"Sacolis - Fabrica\u00e7\u00e3o e Comercializa\u00e7\u00e3o de Sacos de Papel","article_publisher":"https:\/\/www.facebook.com\/p\/Sacolis-Lda-100063464740342\/?locale=pt_PT&_rdr","article_modified_time":"2024-10-04T07:57:30+00:00","og_image":[{"width":433,"height":577,"url":"https:\/\/sacolis.net\/wp-content\/uploads\/2024\/06\/saco-papel-ecoviver-verde-sacolis.png","type":"image\/png"}],"twitter_card":"summary_large_image","twitter_misc":{"Est. reading time":"1 minute"},"schema":{"@context":"https:\/\/schema.org","@graph":[{"@type":["WebPage","ItemPage"],"@id":"https:\/\/sacolis.net\/saco\/saco-papel-ecoviver\/","url":"https:\/\/sacolis.net\/saco\/saco-papel-ecoviver\/","name":"Sacolis | Saco Eco Viver","isPartOf":{"@id":"https:\/\/sacolis.net\/#website"},"primaryImageOfPage":{"@id":"https:\/\/sacolis.net\/saco\/saco-papel-ecoviver\/#primaryimage"},"image":{"@id":"https:\/\/sacolis.net\/saco\/saco-papel-ecoviver\/#primaryimage"},"thumbnailUrl":"https:\/\/sacolis.net\/wp-content\/uploads\/2024\/06\/saco-papel-ecoviver-verde-sacolis.png","datePublished":"2024-06-24T16:32:23+00:00","dateModified":"2024-10-04T07:57:30+00:00","description":"O Saco de Papel Eco Viver \u00e9 uma op\u00e7\u00e3o sustent\u00e1vel se procura um saco de qualidade para transportar produtos de pequena dimens\u00e3o.","breadcrumb":{"@id":"https:\/\/sacolis.net\/saco\/saco-papel-ecoviver\/#breadcrumb"},"inLanguage":"en-US","potentialAction":[{"@type":"ReadAction","target":["https:\/\/sacolis.net\/saco\/saco-papel-ecoviver\/"]}]},{"@type":"ImageObject","inLanguage":"en-US","@id":"https:\/\/sacolis.net\/saco\/saco-papel-ecoviver\/#primaryimage","url":"https:\/\/sacolis.net\/wp-content\/uploads\/2024\/06\/saco-papel-ecoviver-verde-sacolis.png","contentUrl":"https:\/\/sacolis.net\/wp-content\/uploads\/2024\/06\/saco-papel-ecoviver-verde-sacolis.png","width":433,"height":577,"caption":"Saco de papel Sacolis para transporte de pequenos produtos."},{"@type":"BreadcrumbList","@id":"https:\/\/sacolis.net\/saco\/saco-papel-ecoviver\/#breadcrumb","itemListElement":[{"@type":"ListItem","position":1,"name":"In\u00edcio","item":"https:\/\/sacolis.net\/"},{"@type":"ListItem","position":2,"name":"Loja","item":"https:\/\/sacolis.net\/loja\/"},{"@type":"ListItem","position":3,"name":"Saco Eco Viver"}]},{"@type":"WebSite","@id":"https:\/\/sacolis.net\/#website","url":"https:\/\/sacolis.net\/","name":"Sacolis","description":"Especialista Na Fabrica\u00e7\u00e3o E Personaliza\u00e7\u00e3o De Sacos De Papel","publisher":{"@id":"https:\/\/sacolis.net\/#organization"},"alternateName":"Sacolis - Fabrica\u00e7\u00e3o e Comercializa\u00e7\u00e3o de Sacos de Papel","potentialAction":[{"@type":"SearchAction","target":{"@type":"EntryPoint","urlTemplate":"https:\/\/sacolis.net\/?s={search_term_string}"},"query-input":{"@type":"PropertyValueSpecification","valueRequired":true,"valueName":"search_term_string"}}],"inLanguage":"en-US"},{"@type":"Organization","@id":"https:\/\/sacolis.net\/#organization","name":"Sacolis","alternateName":"Sacolis - Fabrica\u00e7\u00e3o e Comercializa\u00e7\u00e3o de Sacos de Papel","url":"https:\/\/sacolis.net\/","logo":{"@type":"ImageObject","inLanguage":"en-US","@id":"https:\/\/sacolis.net\/#\/schema\/logo\/image\/","url":"https:\/\/sacolis.net\/wp-content\/uploads\/2024\/08\/iconsacolis.png","contentUrl":"https:\/\/sacolis.net\/wp-content\/uploads\/2024\/08\/iconsacolis.png","width":123,"height":82,"caption":"Sacolis"},"image":{"@id":"https:\/\/sacolis.net\/#\/schema\/logo\/image\/"},"sameAs":["https:\/\/www.facebook.com\/p\/Sacolis-Lda-100063464740342\/?locale=pt_PT&_rdr","https:\/\/www.instagram.com\/sacolisacosdepapel\/"]}]}},"jetpack_sharing_enabled":true,"_links":{"self":[{"href":"https:\/\/sacolis.net\/en\/wp-json\/wp\/v2\/product\/28482"}],"collection":[{"href":"https:\/\/sacolis.net\/en\/wp-json\/wp\/v2\/product"}],"about":[{"href":"https:\/\/sacolis.net\/en\/wp-json\/wp\/v2\/types\/product"}],"replies":[{"embeddable":true,"href":"https:\/\/sacolis.net\/en\/wp-json\/wp\/v2\/comments?post=28482"}],"version-history":[{"count":12,"href":"https:\/\/sacolis.net\/en\/wp-json\/wp\/v2\/product\/28482\/revisions"}],"predecessor-version":[{"id":30339,"href":"https:\/\/sacolis.net\/en\/wp-json\/wp\/v2\/product\/28482\/revisions\/30339"}],"wp:featuredmedia":[{"embeddable":true,"href":"https:\/\/sacolis.net\/en\/wp-json\/wp\/v2\/media\/30333"}],"wp:attachment":[{"href":"https:\/\/sacolis.net\/en\/wp-json\/wp\/v2\/media?parent=28482"}],"wp:term":[{"taxonomy":"product_cat","embeddable":true,"href":"https:\/\/sacolis.net\/en\/wp-json\/wp\/v2\/product_cat?post=28482"},{"taxonomy":"product_tag","embeddable":true,"href":"https:\/\/sacolis.net\/en\/wp-json\/wp\/v2\/product_tag?post=28482"}],"curies":[{"name":"wp","href":"https:\/\/api.w.org\/{rel}","templated":true}]}}