{"id":28492,"date":"2024-06-25T07:57:44","date_gmt":"2024-06-25T07:57:44","guid":{"rendered":"https:\/\/sacolis.net\/?post_type=product&#038;p=28492"},"modified":"2024-10-04T08:56:41","modified_gmt":"2024-10-04T07:56:41","slug":"saco-mercearia","status":"publish","type":"product","link":"https:\/\/sacolis.net\/en\/saco\/saco-mercearia\/","title":{"rendered":"Grocery Bag"},"content":{"rendered":"<p>Are you looking for a high quality paper bag for your products?<\/p>\n<p>Introducing the Grocery Bag, made of strong and durable brown kraft paper. This bag is glued and opened, with the size of <strong>20cm(width) + 2cm x 7cm(bellows width) x 36cm(length) x 14cm(bottom width),<\/strong> provides plenty of space to store products such as fruits and vegetables.<\/p>\n<p>Ideal for stores, companies or even for individual use, this paper bag is the perfect choice for packaging fruits and vegetables. Get yours now and surprise your customers with high-quality packaging.<\/p>\n<p><strong>note:<\/strong> Our paper bags meet all current standards and certifications required for the sector for which they are intended.<\/p>","protected":false},"excerpt":{"rendered":"<p>Ideal for shops and grocery stores, the Grocery bag is the perfect choice for packaging fruits and vegetables.<\/p>","protected":false},"featured_media":30331,"comment_status":"open","ping_status":"closed","template":"","meta":[],"product_cat":[77,32],"product_tag":[],"class_list":{"0":"post-28492","1":"product","2":"type-product","3":"status-publish","4":"has-post-thumbnail","6":"product_cat-mercearia","7":"product_cat-saqueta","9":"first","10":"instock","11":"taxable","12":"shipping-taxable","13":"product-type-simple"},"yoast_head":"<!-- This site is optimized with the Yoast SEO plugin v23.5 - https:\/\/yoast.com\/wordpress\/plugins\/seo\/ -->\n<title>Sacolis | Saco Mercearia<\/title>\n<meta name=\"description\" content=\"Ideal para lojas e mercearias o saco Mercearia \u00e9 a escolha perfeita para embalar frutas e legumes.\" \/>\n<meta name=\"robots\" content=\"index, follow, max-snippet:-1, max-image-preview:large, max-video-preview:-1\" \/>\n<link rel=\"canonical\" href=\"https:\/\/sacolis.net\/en\/saco\/saco-mercearia\/\" \/>\n<meta property=\"og:locale\" content=\"en_US\" \/>\n<meta property=\"og:type\" content=\"article\" \/>\n<meta property=\"og:title\" content=\"Sacolis | Saco Mercearia\" \/>\n<meta property=\"og:description\" content=\"Ideal para lojas e mercearias o saco Mercearia \u00e9 a escolha perfeita para embalar frutas e legumes.\" \/>\n<meta property=\"og:url\" content=\"https:\/\/sacolis.net\/en\/saco\/saco-mercearia\/\" \/>\n<meta property=\"og:site_name\" content=\"Sacolis - Fabrica\u00e7\u00e3o e Comercializa\u00e7\u00e3o de Sacos de Papel\" \/>\n<meta property=\"article:publisher\" content=\"https:\/\/www.facebook.com\/p\/Sacolis-Lda-100063464740342\/?locale=pt_PT&amp;_rdr\" \/>\n<meta property=\"article:modified_time\" content=\"2024-10-04T07:56:41+00:00\" \/>\n<meta property=\"og:image\" content=\"https:\/\/sacolis.net\/wp-content\/uploads\/2024\/06\/saco-papel-mercearia-sacolis.png\" \/>\n\t<meta property=\"og:image:width\" content=\"433\" \/>\n\t<meta property=\"og:image:height\" content=\"577\" \/>\n\t<meta property=\"og:image:type\" content=\"image\/png\" \/>\n<meta name=\"twitter:card\" content=\"summary_large_image\" \/>\n<meta name=\"twitter:label1\" content=\"Est. reading time\" \/>\n\t<meta name=\"twitter:data1\" content=\"1 minute\" \/>\n<script type=\"application\/ld+json\" class=\"yoast-schema-graph\">{\"@context\":\"https:\/\/schema.org\",\"@graph\":[{\"@type\":[\"WebPage\",\"ItemPage\"],\"@id\":\"https:\/\/sacolis.net\/saco\/saco-mercearia\/\",\"url\":\"https:\/\/sacolis.net\/saco\/saco-mercearia\/\",\"name\":\"Sacolis | Saco Mercearia\",\"isPartOf\":{\"@id\":\"https:\/\/sacolis.net\/#website\"},\"primaryImageOfPage\":{\"@id\":\"https:\/\/sacolis.net\/saco\/saco-mercearia\/#primaryimage\"},\"image\":{\"@id\":\"https:\/\/sacolis.net\/saco\/saco-mercearia\/#primaryimage\"},\"thumbnailUrl\":\"https:\/\/sacolis.net\/wp-content\/uploads\/2024\/06\/saco-papel-mercearia-sacolis.png\",\"datePublished\":\"2024-06-25T07:57:44+00:00\",\"dateModified\":\"2024-10-04T07:56:41+00:00\",\"description\":\"Ideal para lojas e mercearias o saco Mercearia \u00e9 a escolha perfeita para embalar frutas e legumes.\",\"breadcrumb\":{\"@id\":\"https:\/\/sacolis.net\/saco\/saco-mercearia\/#breadcrumb\"},\"inLanguage\":\"en-US\",\"potentialAction\":[{\"@type\":\"ReadAction\",\"target\":[\"https:\/\/sacolis.net\/saco\/saco-mercearia\/\"]}]},{\"@type\":\"ImageObject\",\"inLanguage\":\"en-US\",\"@id\":\"https:\/\/sacolis.net\/saco\/saco-mercearia\/#primaryimage\",\"url\":\"https:\/\/sacolis.net\/wp-content\/uploads\/2024\/06\/saco-papel-mercearia-sacolis.png\",\"contentUrl\":\"https:\/\/sacolis.net\/wp-content\/uploads\/2024\/06\/saco-papel-mercearia-sacolis.png\",\"width\":433,\"height\":577,\"caption\":\"Saco de papel Sacolis, ideal para produtos de mercearia, como frutas e legumes\"},{\"@type\":\"BreadcrumbList\",\"@id\":\"https:\/\/sacolis.net\/saco\/saco-mercearia\/#breadcrumb\",\"itemListElement\":[{\"@type\":\"ListItem\",\"position\":1,\"name\":\"In\u00edcio\",\"item\":\"https:\/\/sacolis.net\/\"},{\"@type\":\"ListItem\",\"position\":2,\"name\":\"Loja\",\"item\":\"https:\/\/sacolis.net\/loja\/\"},{\"@type\":\"ListItem\",\"position\":3,\"name\":\"Saco Mercearia\"}]},{\"@type\":\"WebSite\",\"@id\":\"https:\/\/sacolis.net\/#website\",\"url\":\"https:\/\/sacolis.net\/\",\"name\":\"Sacolis\",\"description\":\"Especialista Na Fabrica\u00e7\u00e3o E Personaliza\u00e7\u00e3o De Sacos De Papel\",\"publisher\":{\"@id\":\"https:\/\/sacolis.net\/#organization\"},\"alternateName\":\"Sacolis - Fabrica\u00e7\u00e3o e Comercializa\u00e7\u00e3o de Sacos de Papel\",\"potentialAction\":[{\"@type\":\"SearchAction\",\"target\":{\"@type\":\"EntryPoint\",\"urlTemplate\":\"https:\/\/sacolis.net\/?s={search_term_string}\"},\"query-input\":{\"@type\":\"PropertyValueSpecification\",\"valueRequired\":true,\"valueName\":\"search_term_string\"}}],\"inLanguage\":\"en-US\"},{\"@type\":\"Organization\",\"@id\":\"https:\/\/sacolis.net\/#organization\",\"name\":\"Sacolis\",\"alternateName\":\"Sacolis - Fabrica\u00e7\u00e3o e Comercializa\u00e7\u00e3o de Sacos de Papel\",\"url\":\"https:\/\/sacolis.net\/\",\"logo\":{\"@type\":\"ImageObject\",\"inLanguage\":\"en-US\",\"@id\":\"https:\/\/sacolis.net\/#\/schema\/logo\/image\/\",\"url\":\"https:\/\/sacolis.net\/wp-content\/uploads\/2024\/08\/iconsacolis.png\",\"contentUrl\":\"https:\/\/sacolis.net\/wp-content\/uploads\/2024\/08\/iconsacolis.png\",\"width\":123,\"height\":82,\"caption\":\"Sacolis\"},\"image\":{\"@id\":\"https:\/\/sacolis.net\/#\/schema\/logo\/image\/\"},\"sameAs\":[\"https:\/\/www.facebook.com\/p\/Sacolis-Lda-100063464740342\/?locale=pt_PT&_rdr\",\"https:\/\/www.instagram.com\/sacolisacosdepapel\/\"]}]}<\/script>\n<!-- \/ Yoast SEO plugin. -->","yoast_head_json":{"title":"Sacolis | Saco Mercearia","description":"Ideal para lojas e mercearias o saco Mercearia \u00e9 a escolha perfeita para embalar frutas e legumes.","robots":{"index":"index","follow":"follow","max-snippet":"max-snippet:-1","max-image-preview":"max-image-preview:large","max-video-preview":"max-video-preview:-1"},"canonical":"https:\/\/sacolis.net\/en\/saco\/saco-mercearia\/","og_locale":"en_US","og_type":"article","og_title":"Sacolis | Saco Mercearia","og_description":"Ideal para lojas e mercearias o saco Mercearia \u00e9 a escolha perfeita para embalar frutas e legumes.","og_url":"https:\/\/sacolis.net\/en\/saco\/saco-mercearia\/","og_site_name":"Sacolis - Fabrica\u00e7\u00e3o e Comercializa\u00e7\u00e3o de Sacos de Papel","article_publisher":"https:\/\/www.facebook.com\/p\/Sacolis-Lda-100063464740342\/?locale=pt_PT&_rdr","article_modified_time":"2024-10-04T07:56:41+00:00","og_image":[{"width":433,"height":577,"url":"https:\/\/sacolis.net\/wp-content\/uploads\/2024\/06\/saco-papel-mercearia-sacolis.png","type":"image\/png"}],"twitter_card":"summary_large_image","twitter_misc":{"Est. reading time":"1 minute"},"schema":{"@context":"https:\/\/schema.org","@graph":[{"@type":["WebPage","ItemPage"],"@id":"https:\/\/sacolis.net\/saco\/saco-mercearia\/","url":"https:\/\/sacolis.net\/saco\/saco-mercearia\/","name":"Sacolis | Saco Mercearia","isPartOf":{"@id":"https:\/\/sacolis.net\/#website"},"primaryImageOfPage":{"@id":"https:\/\/sacolis.net\/saco\/saco-mercearia\/#primaryimage"},"image":{"@id":"https:\/\/sacolis.net\/saco\/saco-mercearia\/#primaryimage"},"thumbnailUrl":"https:\/\/sacolis.net\/wp-content\/uploads\/2024\/06\/saco-papel-mercearia-sacolis.png","datePublished":"2024-06-25T07:57:44+00:00","dateModified":"2024-10-04T07:56:41+00:00","description":"Ideal para lojas e mercearias o saco Mercearia \u00e9 a escolha perfeita para embalar frutas e legumes.","breadcrumb":{"@id":"https:\/\/sacolis.net\/saco\/saco-mercearia\/#breadcrumb"},"inLanguage":"en-US","potentialAction":[{"@type":"ReadAction","target":["https:\/\/sacolis.net\/saco\/saco-mercearia\/"]}]},{"@type":"ImageObject","inLanguage":"en-US","@id":"https:\/\/sacolis.net\/saco\/saco-mercearia\/#primaryimage","url":"https:\/\/sacolis.net\/wp-content\/uploads\/2024\/06\/saco-papel-mercearia-sacolis.png","contentUrl":"https:\/\/sacolis.net\/wp-content\/uploads\/2024\/06\/saco-papel-mercearia-sacolis.png","width":433,"height":577,"caption":"Saco de papel Sacolis, ideal para produtos de mercearia, como frutas e legumes"},{"@type":"BreadcrumbList","@id":"https:\/\/sacolis.net\/saco\/saco-mercearia\/#breadcrumb","itemListElement":[{"@type":"ListItem","position":1,"name":"In\u00edcio","item":"https:\/\/sacolis.net\/"},{"@type":"ListItem","position":2,"name":"Loja","item":"https:\/\/sacolis.net\/loja\/"},{"@type":"ListItem","position":3,"name":"Saco Mercearia"}]},{"@type":"WebSite","@id":"https:\/\/sacolis.net\/#website","url":"https:\/\/sacolis.net\/","name":"Sacolis","description":"Especialista Na Fabrica\u00e7\u00e3o E Personaliza\u00e7\u00e3o De Sacos De Papel","publisher":{"@id":"https:\/\/sacolis.net\/#organization"},"alternateName":"Sacolis - Fabrica\u00e7\u00e3o e Comercializa\u00e7\u00e3o de Sacos de Papel","potentialAction":[{"@type":"SearchAction","target":{"@type":"EntryPoint","urlTemplate":"https:\/\/sacolis.net\/?s={search_term_string}"},"query-input":{"@type":"PropertyValueSpecification","valueRequired":true,"valueName":"search_term_string"}}],"inLanguage":"en-US"},{"@type":"Organization","@id":"https:\/\/sacolis.net\/#organization","name":"Sacolis","alternateName":"Sacolis - Fabrica\u00e7\u00e3o e Comercializa\u00e7\u00e3o de Sacos de Papel","url":"https:\/\/sacolis.net\/","logo":{"@type":"ImageObject","inLanguage":"en-US","@id":"https:\/\/sacolis.net\/#\/schema\/logo\/image\/","url":"https:\/\/sacolis.net\/wp-content\/uploads\/2024\/08\/iconsacolis.png","contentUrl":"https:\/\/sacolis.net\/wp-content\/uploads\/2024\/08\/iconsacolis.png","width":123,"height":82,"caption":"Sacolis"},"image":{"@id":"https:\/\/sacolis.net\/#\/schema\/logo\/image\/"},"sameAs":["https:\/\/www.facebook.com\/p\/Sacolis-Lda-100063464740342\/?locale=pt_PT&_rdr","https:\/\/www.instagram.com\/sacolisacosdepapel\/"]}]}},"jetpack_sharing_enabled":true,"_links":{"self":[{"href":"https:\/\/sacolis.net\/en\/wp-json\/wp\/v2\/product\/28492"}],"collection":[{"href":"https:\/\/sacolis.net\/en\/wp-json\/wp\/v2\/product"}],"about":[{"href":"https:\/\/sacolis.net\/en\/wp-json\/wp\/v2\/types\/product"}],"replies":[{"embeddable":true,"href":"https:\/\/sacolis.net\/en\/wp-json\/wp\/v2\/comments?post=28492"}],"version-history":[{"count":5,"href":"https:\/\/sacolis.net\/en\/wp-json\/wp\/v2\/product\/28492\/revisions"}],"predecessor-version":[{"id":30332,"href":"https:\/\/sacolis.net\/en\/wp-json\/wp\/v2\/product\/28492\/revisions\/30332"}],"wp:featuredmedia":[{"embeddable":true,"href":"https:\/\/sacolis.net\/en\/wp-json\/wp\/v2\/media\/30331"}],"wp:attachment":[{"href":"https:\/\/sacolis.net\/en\/wp-json\/wp\/v2\/media?parent=28492"}],"wp:term":[{"taxonomy":"product_cat","embeddable":true,"href":"https:\/\/sacolis.net\/en\/wp-json\/wp\/v2\/product_cat?post=28492"},{"taxonomy":"product_tag","embeddable":true,"href":"https:\/\/sacolis.net\/en\/wp-json\/wp\/v2\/product_tag?post=28492"}],"curies":[{"name":"wp","href":"https:\/\/api.w.org\/{rel}","templated":true}]}}